{"id":557,"date":"2025-03-10T09:31:13","date_gmt":"2025-03-10T07:31:13","guid":{"rendered":"https:\/\/logopeedipunkt.ee\/?page_id=557"},"modified":"2026-03-13T12:11:11","modified_gmt":"2026-03-13T10:11:11","slug":"testimine","status":"publish","type":"page","link":"https:\/\/logopeedipunkt.ee\/et\/testimine\/","title":{"rendered":"Testimine"},"content":{"rendered":"<p>[et_pb_section fb_built=&#8221;1&#8243; next_background_color=&#8221;#ffffff&#8221; _builder_version=&#8221;4.27.4&#8243; use_background_color_gradient=&#8221;on&#8221; background_color_gradient_stops=&#8221;rgba(255,241,233,0.5) 0%|#fff1e9 100%&#8221; background_color_gradient_overlays_image=&#8221;on&#8221; background_color_gradient_start=&#8221;rgba(127,141,255,0.5)&#8221; background_color_gradient_end=&#8221;#7f8dff&#8221; background_image=&#8221;https:\/\/logopeedipunkt.ee\/wp-content\/uploads\/2025\/03\/logopeed1.png&#8221; background_position=&#8221;top_center&#8221; background_vertical_offset=&#8221;23%&#8221; custom_margin=&#8221;||||false&#8221; custom_padding=&#8221;5vw||4vw||false|false&#8221; bottom_divider_style=&#8221;curve&#8221; bottom_divider_height=&#8221;2.5vw&#8221; global_colors_info=&#8221;{}&#8221;][et_pb_row _builder_version=&#8221;4.16&#8243; animation_style=&#8221;fade&#8221; global_colors_info=&#8221;{}&#8221;][et_pb_column type=&#8221;4_4&#8243; _builder_version=&#8221;4.16&#8243; custom_padding=&#8221;|||&#8221; global_colors_info=&#8221;{}&#8221; custom_padding__hover=&#8221;|||&#8221;][et_pb_text _builder_version=&#8221;4.27.4&#8243; text_font=&#8221;||||||||&#8221; text_font_size=&#8221;18px&#8221; header_font=&#8221;||||||||&#8221; text_orientation=&#8221;center&#8221; max_width=&#8221;700px&#8221; module_alignment=&#8221;center&#8221; header_font_size_tablet=&#8221;40px&#8221; header_font_size_phone=&#8221;32px&#8221; header_font_size_last_edited=&#8221;off|desktop&#8221; global_colors_info=&#8221;{}&#8221;]<\/p>\n<h1>Testimine<\/h1>\n<p>Kontrolli oma k\u00f5ne arengu taset meie testide abil. Saa teada, kus esinevad raskused, ja saa soovitusi k\u00f5ne parandamiseks.[\/et_pb_text][et_pb_button button_url=&#8221;#test&#8221; button_text=&#8221;Vali test&#8221; button_alignment=&#8221;center&#8221; _builder_version=&#8221;4.27.4&#8243; custom_button=&#8221;on&#8221; button_text_size=&#8221;14px&#8221; button_text_color=&#8221;#ffffff&#8221; button_bg_color=&#8221;#7f8dff&#8221; button_border_color=&#8221;rgba(0,0,0,0)&#8221; button_border_radius=&#8221;100px&#8221; button_letter_spacing=&#8221;2px&#8221; button_font=&#8221;|||on|||||&#8221; custom_padding=&#8221;16px|30px|16px|30px|true|true&#8221; box_shadow_style=&#8221;preset3&#8243; box_shadow_color=&#8221;rgba(127,141,255,0.4)&#8221; button_letter_spacing_hover=&#8221;2px&#8221; global_colors_info=&#8221;{}&#8221; button_text_size__hover_enabled=&#8221;off&#8221; button_one_text_size__hover_enabled=&#8221;off&#8221; button_two_text_size__hover_enabled=&#8221;off&#8221; button_text_color__hover_enabled=&#8221;off&#8221; button_one_text_color__hover_enabled=&#8221;off&#8221; button_two_text_color__hover_enabled=&#8221;off&#8221; button_border_width__hover_enabled=&#8221;off&#8221; button_one_border_width__hover_enabled=&#8221;off&#8221; button_two_border_width__hover_enabled=&#8221;off&#8221; button_border_color__hover_enabled=&#8221;off&#8221; button_one_border_color__hover_enabled=&#8221;off&#8221; button_two_border_color__hover_enabled=&#8221;off&#8221; button_border_radius__hover_enabled=&#8221;off&#8221; button_one_border_radius__hover_enabled=&#8221;off&#8221; button_two_border_radius__hover_enabled=&#8221;off&#8221; button_letter_spacing__hover_enabled=&#8221;on&#8221; button_letter_spacing__hover=&#8221;2px&#8221; button_one_letter_spacing__hover_enabled=&#8221;off&#8221; button_two_letter_spacing__hover_enabled=&#8221;off&#8221; button_bg_color__hover_enabled=&#8221;off&#8221; button_one_bg_color__hover_enabled=&#8221;off&#8221; button_two_bg_color__hover_enabled=&#8221;off&#8221;][\/et_pb_button][\/et_pb_column][\/et_pb_row][\/et_pb_section][et_pb_section fb_built=&#8221;1&#8243; admin_label=&#8221;About&#8221; _builder_version=&#8221;4.16&#8243; global_colors_info=&#8221;{}&#8221;][et_pb_row _builder_version=&#8221;4.16&#8243; global_colors_info=&#8221;{}&#8221;][et_pb_column type=&#8221;4_4&#8243; _builder_version=&#8221;4.16&#8243; custom_padding=&#8221;|||&#8221; global_colors_info=&#8221;{}&#8221; custom_padding__hover=&#8221;|||&#8221;][et_pb_text _builder_version=&#8221;4.27.4&#8243; _module_preset=&#8221;default&#8221; text_orientation=&#8221;center&#8221; global_colors_info=&#8221;{}&#8221;]Tehke tasuta veebip\u00f5hiseid teste, et kontrollida k\u00f5ne erinevaid aspekte ja tuvastada v\u00f5imalikke k\u00f5rvalekaldeid. Testid aitavad hinnata h\u00e4\u00e4ldust, s\u00f5navara, k\u00f5nemotoorikat ja muid olulisi n\u00e4itajaid.<\/p>\n<p>Valige sobiv test ja saate esmase hinnangu, mis aitab m\u00f5ista, kas tasub p\u00f6\u00f6rduda spetsialisti poole p\u00f5hjalikumaks anal\u00fc\u00fcsiks.[\/et_pb_text][\/et_pb_column][\/et_pb_row][et_pb_row column_structure=&#8221;1_3,1_3,1_3&#8243; module_id=&#8221;test&#8221; _builder_version=&#8221;4.27.4&#8243; _module_preset=&#8221;default&#8221; global_colors_info=&#8221;{}&#8221;][et_pb_column type=&#8221;1_3&#8243; _builder_version=&#8221;4.27.4&#8243; _module_preset=&#8221;default&#8221; global_colors_info=&#8221;{}&#8221;][et_pb_cta title=&#8221;Laps on 3-aastane&#8221; button_url=&#8221;https:\/\/logopeedipunkt.ee\/et\/testimine\/laps-on-3-aastane\/&#8221; button_text=&#8221;Tee test&#8221; _builder_version=&#8221;4.27.4&#8243; _module_preset=&#8221;default&#8221; header_level=&#8221;h4&#8243; header_font_size=&#8221;22px&#8221; background_color=&#8221;#f6f9fc&#8221; custom_button=&#8221;on&#8221; button_text_size=&#8221;16px&#8221; button_text_color=&#8221;#7f8dff&#8221; button_bg_color=&#8221;#FFFFFF&#8221; button_border_width=&#8221;3px&#8221; button_border_color=&#8221;#7f8dff&#8221; button_border_radius=&#8221;100px&#8221; button_letter_spacing=&#8221;2px&#8221; button_font=&#8221;|||on|||||&#8221; button_custom_padding=&#8221;10px||10px||true|false&#8221; background_layout=&#8221;light&#8221; hover_enabled=&#8221;0&#8243; global_colors_info=&#8221;{}&#8221; sticky_enabled=&#8221;0&#8243;]<\/p>\n<p>Lihtsad \u00fclesanded k\u00f5ne ja s\u00f5nade m\u00f5istmise kontrollimiseks v\u00e4ikelastel.<\/p>\n<p>[\/et_pb_cta][\/et_pb_column][et_pb_column type=&#8221;1_3&#8243; _builder_version=&#8221;4.27.4&#8243; _module_preset=&#8221;default&#8221; global_colors_info=&#8221;{}&#8221;][et_pb_cta title=&#8221;Laps on 4-aastane&#8221; button_url=&#8221;https:\/\/logopeedipunkt.ee\/et\/testimine\/laps-on-4-aastane\/&#8221; button_text=&#8221;Tee test&#8221; _builder_version=&#8221;4.27.4&#8243; _module_preset=&#8221;default&#8221; header_level=&#8221;h4&#8243; header_font_size=&#8221;22px&#8221; background_color=&#8221;#f6f9fc&#8221; custom_button=&#8221;on&#8221; button_text_size=&#8221;16px&#8221; button_text_color=&#8221;#7f8dff&#8221; button_bg_color=&#8221;#FFFFFF&#8221; button_border_width=&#8221;3px&#8221; button_border_color=&#8221;#7f8dff&#8221; button_border_radius=&#8221;100px&#8221; button_letter_spacing=&#8221;2px&#8221; button_font=&#8221;|||on|||||&#8221; button_custom_padding=&#8221;10px||10px||true|false&#8221; background_layout=&#8221;light&#8221; hover_enabled=&#8221;0&#8243; global_colors_info=&#8221;{}&#8221; sticky_enabled=&#8221;0&#8243;]<\/p>\n<p>K\u00f5nearegu testi, \u00f5ige h\u00e4\u00e4ldus ja lausete moodustamine.<\/p>\n<p>[\/et_pb_cta][\/et_pb_column][et_pb_column type=&#8221;1_3&#8243; _builder_version=&#8221;4.27.4&#8243; _module_preset=&#8221;default&#8221; global_colors_info=&#8221;{}&#8221;][et_pb_cta title=&#8221;Laps on 5-aastane&#8221; button_url=&#8221;https:\/\/logopeedipunkt.ee\/et\/testimine\/laps-on-5-aastane\/&#8221; button_text=&#8221;Tee test&#8221; _builder_version=&#8221;4.27.4&#8243; _module_preset=&#8221;default&#8221; header_level=&#8221;h4&#8243; header_font_size=&#8221;22px&#8221; background_color=&#8221;#f6f9fc&#8221; custom_button=&#8221;on&#8221; button_text_size=&#8221;16px&#8221; button_text_color=&#8221;#7f8dff&#8221; button_bg_color=&#8221;#FFFFFF&#8221; button_border_width=&#8221;3px&#8221; button_border_color=&#8221;#7f8dff&#8221; button_border_radius=&#8221;100px&#8221; button_letter_spacing=&#8221;2px&#8221; button_font=&#8221;|||on|||||&#8221; button_custom_padding=&#8221;10px||10px||true|false&#8221; background_layout=&#8221;light&#8221; hover_enabled=&#8221;0&#8243; global_colors_info=&#8221;{}&#8221; sticky_enabled=&#8221;0&#8243;]<\/p>\n<p>Hindame s\u00f5navara mahtu, sidusat k\u00f5net ja h\u00e4\u00e4likuanal\u00fc\u00fcsi oskust.<\/p>\n<p>[\/et_pb_cta][\/et_pb_column][\/et_pb_row][\/et_pb_section][et_pb_section fb_built=&#8221;1&#8243; admin_label=&#8221;Footer EE&#8221; _builder_version=&#8221;4.27.4&#8243; _module_preset=&#8221;default&#8221; background_color=&#8221;#7f8dfe&#8221; top_divider_style=&#8221;curve&#8221; top_divider_color=&#8221;#FFFFFF&#8221; top_divider_height=&#8221;2.5vw&#8221; global_module=&#8221;569&#8243; saved_tabs=&#8221;all&#8221; global_colors_info=&#8221;{}&#8221;][et_pb_row column_structure=&#8221;1_3,1_3,1_3&#8243; _builder_version=&#8221;4.27.4&#8243; _module_preset=&#8221;default&#8221; custom_padding=&#8221;60px||||false|false&#8221; global_colors_info=&#8221;{}&#8221;][et_pb_column type=&#8221;1_3&#8243; _builder_version=&#8221;4.27.4&#8243; _module_preset=&#8221;default&#8221; global_colors_info=&#8221;{}&#8221;][et_pb_text _builder_version=&#8221;4.27.4&#8243; _module_preset=&#8221;default&#8221; header_3_font=&#8221;||||||||&#8221; header_3_font_size=&#8221;24px&#8221; background_layout=&#8221;dark&#8221; global_colors_info=&#8221;{}&#8221;]<\/p>\n<h3>Logopeedipunkt O\u00dc<\/h3>\n<p>Professionaalne abi t\u00e4iskasvanutele ja lastele k\u00f5neh\u00e4irete korral<\/p>\n<p>Litsentsi number: L07074[\/et_pb_text][\/et_pb_column][et_pb_column type=&#8221;1_3&#8243; _builder_version=&#8221;4.27.4&#8243; _module_preset=&#8221;default&#8221; global_colors_info=&#8221;{}&#8221;][et_pb_text _builder_version=&#8221;4.27.4&#8243; _module_preset=&#8221;default&#8221; link_text_color=&#8221;#FFFFFF&#8221; header_3_font=&#8221;||||||||&#8221; header_3_font_size=&#8221;24px&#8221; background_layout=&#8221;dark&#8221; global_colors_info=&#8221;{}&#8221;]<\/p>\n<h3>Kasulikud lingid<\/h3>\n<p><a href=\"https:\/\/logopeedipunkt.ee\/koneravi-teenused\/\">K\u00f5neravi teenused<\/a><br \/><a href=\"https:\/\/logopeedipunkt.ee\/testimine\/\">Testimine<\/a><br \/><a href=\"https:\/\/logopeedipunkt.ee\/saatekirjaga\/\">Saatekirjaga<\/a><br \/><a href=\"https:\/\/logopeedipunkt.ee\/registreerimine\/\">Saatke p\u00e4ring<\/a><\/p>\n<p>[\/et_pb_text][\/et_pb_column][et_pb_column type=&#8221;1_3&#8243; _builder_version=&#8221;4.27.4&#8243; _module_preset=&#8221;default&#8221; global_colors_info=&#8221;{}&#8221;][et_pb_text _builder_version=&#8221;4.27.4&#8243; _module_preset=&#8221;default&#8221; header_3_font=&#8221;||||||||&#8221; header_3_font_size=&#8221;24px&#8221; background_layout=&#8221;dark&#8221; hover_enabled=&#8221;0&#8243; global_colors_info=&#8221;{}&#8221; sticky_enabled=&#8221;0&#8243; link_text_color=&#8221;#FFFFFF&#8221;]<\/p>\n<h3>Kontaktid<\/h3>\n<p><a href=\"mailto:info@logopeedipunkt.ee\">info@logopeedipunkt.ee<\/a><br \/><a href=\"tel:+3725530762\">+372 553 0762<\/a><br \/><a href=\"https:\/\/maps.app.goo.gl\/kUsyu3hcMqSFYNDD8\" target=\"_blank\" rel=\"noopener\">P\u00e4rnu mnt. 67A, kab. 3A4<\/a><\/p>\n<p>[\/et_pb_text][\/et_pb_column][\/et_pb_row][\/et_pb_section]<\/p>\n","protected":false},"excerpt":{"rendered":"<p>Testimine Kontrolli oma k\u00f5ne arengu taset meie testide abil. Saa teada, kus esinevad raskused, ja saa soovitusi k\u00f5ne parandamiseks.Tehke tasuta veebip\u00f5hiseid teste, et kontrollida k\u00f5ne erinevaid aspekte ja tuvastada v\u00f5imalikke k\u00f5rvalekaldeid. Testid aitavad hinnata h\u00e4\u00e4ldust, s\u00f5navara, k\u00f5nemotoorikat ja muid olulisi n\u00e4itajaid. Valige sobiv test ja saate esmase hinnangu, mis aitab m\u00f5ista, kas tasub p\u00f6\u00f6rduda spetsialisti [&hellip;]<\/p>\n","protected":false},"author":2,"featured_media":0,"parent":0,"menu_order":0,"comment_status":"closed","ping_status":"closed","template":"","meta":{"_et_pb_use_builder":"on","_et_pb_old_content":"[et_pb_section fb_built=\"1\" next_background_color=\"#ffffff\" _builder_version=\"4.27.4\" use_background_color_gradient=\"on\" background_color_gradient_stops=\"rgba(255,241,233,0.5) 0%|#fff1e9 100%\" background_color_gradient_overlays_image=\"on\" background_color_gradient_start=\"rgba(127,141,255,0.5)\" background_color_gradient_end=\"#7f8dff\" background_image=\"https:\/\/logopeedipunkt.ee\/wp-content\/uploads\/2025\/03\/logopeed1.png\" background_position=\"top_center\" background_vertical_offset=\"23%\" custom_margin=\"||||false\" custom_padding=\"5vw||4vw||false|false\" bottom_divider_style=\"curve\" bottom_divider_height=\"2.5vw\" global_colors_info=\"{}\"][et_pb_row _builder_version=\"4.16\" animation_style=\"fade\" global_colors_info=\"{}\"][et_pb_column type=\"4_4\" _builder_version=\"4.16\" custom_padding=\"|||\" global_colors_info=\"{}\" custom_padding__hover=\"|||\"][et_pb_text _builder_version=\"4.27.4\" text_font=\"||||||||\" text_font_size=\"18px\" header_font=\"||||||||\" text_orientation=\"center\" max_width=\"700px\" module_alignment=\"center\" header_font_size_tablet=\"40px\" header_font_size_phone=\"32px\" header_font_size_last_edited=\"off|desktop\" global_colors_info=\"{}\"]<h1>\u0422\u0435\u0441\u0442\u0438\u0440\u043e\u0432\u0430\u043d\u0438\u0435<\/h1>\r\n<p>\u041f\u0440\u043e\u0432\u0435\u0440\u044c\u0442\u0435 \u0443\u0440\u043e\u0432\u0435\u043d\u044c \u0440\u0430\u0437\u0432\u0438\u0442\u0438\u044f \u0440\u0435\u0447\u0438 \u0441 \u043f\u043e\u043c\u043e\u0449\u044c\u044e \u0442\u0435\u0441\u0442\u043e\u0432. \u0423\u0437\u043d\u0430\u0439\u0442\u0435, \u0433\u0434\u0435 \u0435\u0441\u0442\u044c \u0442\u0440\u0443\u0434\u043d\u043e\u0441\u0442\u0438, \u0438 \u043f\u043e\u043b\u0443\u0447\u0438\u0442\u0435 \u0440\u0435\u043a\u043e\u043c\u0435\u043d\u0434\u0430\u0446\u0438\u0438 \u0434\u043b\u044f \u0443\u043b\u0443\u0447\u0448\u0435\u043d\u0438\u044f.<\/p>[\/et_pb_text][et_pb_button button_url=\"#test\" button_text=\" \u0412\u044b\u0431\u0440\u0430\u0442\u044c \u0442\u0435\u0441\u0442\" button_alignment=\"center\" _builder_version=\"4.27.4\" custom_button=\"on\" button_text_size=\"14px\" button_text_color=\"#ffffff\" button_bg_color=\"#7f8dff\" button_border_color=\"rgba(0,0,0,0)\" button_border_radius=\"100px\" button_letter_spacing=\"2px\" button_font=\"|||on|||||\" custom_padding=\"16px|30px|16px|30px|true|true\" hover_enabled=\"0\" box_shadow_style=\"preset3\" box_shadow_color=\"rgba(127,141,255,0.4)\" button_letter_spacing_hover=\"2px\" global_colors_info=\"{}\" button_text_size__hover_enabled=\"off\" button_one_text_size__hover_enabled=\"off\" button_two_text_size__hover_enabled=\"off\" button_text_color__hover_enabled=\"off\" button_one_text_color__hover_enabled=\"off\" button_two_text_color__hover_enabled=\"off\" button_border_width__hover_enabled=\"off\" button_one_border_width__hover_enabled=\"off\" button_two_border_width__hover_enabled=\"off\" button_border_color__hover_enabled=\"off\" button_one_border_color__hover_enabled=\"off\" button_two_border_color__hover_enabled=\"off\" button_border_radius__hover_enabled=\"off\" button_one_border_radius__hover_enabled=\"off\" button_two_border_radius__hover_enabled=\"off\" button_letter_spacing__hover_enabled=\"on\" button_letter_spacing__hover=\"2px\" button_one_letter_spacing__hover_enabled=\"off\" button_two_letter_spacing__hover_enabled=\"off\" button_bg_color__hover_enabled=\"off\" button_one_bg_color__hover_enabled=\"off\" button_two_bg_color__hover_enabled=\"off\" sticky_enabled=\"0\"][\/et_pb_button][\/et_pb_column][\/et_pb_row][\/et_pb_section][et_pb_section fb_built=\"1\" admin_label=\"About\" _builder_version=\"4.16\" global_colors_info=\"{}\"][et_pb_row _builder_version=\"4.16\" global_colors_info=\"{}\"][et_pb_column type=\"4_4\" _builder_version=\"4.16\" custom_padding=\"|||\" global_colors_info=\"{}\" custom_padding__hover=\"|||\"][et_pb_text _builder_version=\"4.27.4\" _module_preset=\"default\" text_orientation=\"center\" global_colors_info=\"{}\"]<p>\u041f\u0440\u043e\u0439\u0434\u0438\u0442\u0435 \u0431\u0435\u0441\u043f\u043b\u0430\u0442\u043d\u044b\u0435 \u043e\u043d\u043b\u0430\u0439\u043d-\u0442\u0435\u0441\u0442\u044b, \u0447\u0442\u043e\u0431\u044b \u043f\u0440\u043e\u0432\u0435\u0440\u0438\u0442\u044c \u0440\u0430\u0437\u043b\u0438\u0447\u043d\u044b\u0435 \u0430\u0441\u043f\u0435\u043a\u0442\u044b \u0440\u0435\u0447\u0438 \u0438 \u0432\u044b\u044f\u0432\u0438\u0442\u044c \u0432\u043e\u0437\u043c\u043e\u0436\u043d\u044b\u0435 \u043e\u0442\u043a\u043b\u043e\u043d\u0435\u043d\u0438\u044f. \u0422\u0435\u0441\u0442\u044b \u043f\u043e\u043c\u043e\u0433\u0443\u0442 \u043e\u0446\u0435\u043d\u0438\u0442\u044c \u043f\u0440\u043e\u0438\u0437\u043d\u043e\u0448\u0435\u043d\u0438\u0435, \u0441\u043b\u043e\u0432\u0430\u0440\u043d\u044b\u0439 \u0437\u0430\u043f\u0430\u0441, \u0440\u0435\u0447\u0435\u0432\u0443\u044e \u043c\u043e\u0442\u043e\u0440\u0438\u043a\u0443 \u0438 \u0434\u0440\u0443\u0433\u0438\u0435 \u0432\u0430\u0436\u043d\u044b\u0435 \u043f\u0430\u0440\u0430\u043c\u0435\u0442\u0440\u044b.<\/p>\r\n<p>\u0412\u044b\u0431\u0435\u0440\u0438\u0442\u0435 \u043d\u0443\u0436\u043d\u044b\u0439 \u0442\u0435\u0441\u0442 \u0438 \u043f\u043e\u043b\u0443\u0447\u0438\u0442\u0435 \u043f\u0440\u0435\u0434\u0432\u0430\u0440\u0438\u0442\u0435\u043b\u044c\u043d\u0443\u044e \u043e\u0446\u0435\u043d\u043a\u0443, \u043a\u043e\u0442\u043e\u0440\u0430\u044f \u043f\u043e\u043c\u043e\u0436\u0435\u0442 \u043f\u043e\u043d\u044f\u0442\u044c, \u0441\u0442\u043e\u0438\u0442 \u043b\u0438 \u043e\u0431\u0440\u0430\u0449\u0430\u0442\u044c\u0441\u044f \u043a \u0441\u043f\u0435\u0446\u0438\u0430\u043b\u0438\u0441\u0442\u0443 \u0434\u043b\u044f \u0431\u043e\u043b\u0435\u0435 \u0434\u0435\u0442\u0430\u043b\u044c\u043d\u043e\u0433\u043e \u0430\u043d\u0430\u043b\u0438\u0437\u0430.<\/p>[\/et_pb_text][\/et_pb_column][\/et_pb_row][et_pb_row column_structure=\"1_3,1_3,1_3\" module_id=\"test\" _builder_version=\"4.27.4\" _module_preset=\"default\" global_colors_info=\"{}\"][et_pb_column type=\"1_3\" _builder_version=\"4.27.4\" _module_preset=\"default\" global_colors_info=\"{}\"][et_pb_cta title=\"\u0420\u0435\u0431\u0435\u043d\u043a\u0443 3 \u0433\u043e\u0434\u0430\" button_url=\"https:\/\/logopeedipunkt.ee\/ru\/testirovanie\/3-goda\/\" button_text=\"\u041f\u0440\u043e\u0439\u0442\u0438 \u0442\u0435\u0441\u0442\" _builder_version=\"4.27.4\" _module_preset=\"default\" header_level=\"h4\" header_font_size=\"22px\" background_color=\"#f6f9fc\" custom_button=\"on\" button_text_size=\"16px\" button_text_color=\"#7f8dff\" button_bg_color=\"#FFFFFF\" button_border_width=\"3px\" button_border_color=\"#7f8dff\" button_border_radius=\"100px\" button_letter_spacing=\"2px\" button_font=\"|||on|||||\" button_custom_padding=\"10px||10px||true|false\" background_layout=\"light\" hover_enabled=\"0\" global_colors_info=\"{}\" sticky_enabled=\"0\"]<p>\u041f\u0440\u043e\u0441\u0442\u044b\u0435 \u0437\u0430\u0434\u0430\u043d\u0438\u044f \u0434\u043b\u044f \u043f\u0440\u043e\u0432\u0435\u0440\u043a\u0438 \u0440\u0435\u0447\u0438 \u0438 \u043f\u043e\u043d\u0438\u043c\u0430\u043d\u0438\u044f \u0441\u043b\u043e\u0432 \u0443 \u043c\u0430\u043b\u044b\u0448\u0435\u0439.<\/p>[\/et_pb_cta][\/et_pb_column][et_pb_column type=\"1_3\" _builder_version=\"4.27.4\" _module_preset=\"default\" global_colors_info=\"{}\"][et_pb_cta title=\"\u0420\u0435\u0431\u0435\u043d\u043a\u0443 4 \u0433\u043e\u0434\u0430\" button_url=\"https:\/\/logopeedipunkt.ee\/ru\/testirovanie\/4-goda\/\" button_text=\"\u041f\u0440\u043e\u0439\u0442\u0438 \u0442\u0435\u0441\u0442\" _builder_version=\"4.27.4\" _module_preset=\"default\" header_level=\"h4\" header_font_size=\"22px\" background_color=\"#f6f9fc\" custom_button=\"on\" button_text_size=\"16px\" button_text_color=\"#7f8dff\" button_bg_color=\"#FFFFFF\" button_border_width=\"3px\" button_border_color=\"#7f8dff\" button_border_radius=\"100px\" button_letter_spacing=\"2px\" button_font=\"|||on|||||\" button_custom_padding=\"10px||10px||true|false\" background_layout=\"light\" hover_enabled=\"0\" global_colors_info=\"{}\" sticky_enabled=\"0\"]<p>\u0422\u0435\u0441\u0442\u044b \u043d\u0430 \u0440\u0430\u0437\u0432\u0438\u0442\u0438\u0435 \u0440\u0435\u0447\u0438, \u043f\u0440\u0430\u0432\u0438\u043b\u044c\u043d\u043e\u0435 \u043f\u0440\u043e\u0438\u0437\u043d\u043e\u0448\u0435\u043d\u0438\u0435 \u0438 \u0444\u043e\u0440\u043c\u0438\u0440\u043e\u0432\u0430\u043d\u0438\u0435 \u0444\u0440\u0430\u0437.<\/p>[\/et_pb_cta][\/et_pb_column][et_pb_column type=\"1_3\" _builder_version=\"4.27.4\" _module_preset=\"default\" global_colors_info=\"{}\"][et_pb_cta title=\"\u0420\u0435\u0431\u0435\u043d\u043a\u0443 5 \u043b\u0435\u0442\" button_url=\"https:\/\/logopeedipunkt.ee\/ru\/testirovanie\/5-let\/\" button_text=\"\u041f\u0440\u043e\u0439\u0442\u0438 \u0442\u0435\u0441\u0442\" _builder_version=\"4.27.4\" _module_preset=\"default\" header_level=\"h4\" header_font_size=\"22px\" background_color=\"#f6f9fc\" custom_button=\"on\" button_text_size=\"16px\" button_text_color=\"#7f8dff\" button_bg_color=\"#FFFFFF\" button_border_width=\"3px\" button_border_color=\"#7f8dff\" button_border_radius=\"100px\" button_letter_spacing=\"2px\" button_font=\"|||on|||||\" button_custom_padding=\"10px||10px||true|false\" background_layout=\"light\" hover_enabled=\"0\" global_colors_info=\"{}\" sticky_enabled=\"0\"]<p>\u041f\u0440\u043e\u0432\u0435\u0440\u043a\u0430 \u0441\u043b\u043e\u0432\u0430\u0440\u043d\u043e\u0433\u043e \u0437\u0430\u043f\u0430\u0441\u0430, \u0441\u0432\u044f\u0437\u043d\u043e\u0439 \u0440\u0435\u0447\u0438 \u0438 \u0437\u0432\u0443\u043a\u043e\u0432\u043e\u0433\u043e \u0430\u043d\u0430\u043b\u0438\u0437\u0430.<\/p>[\/et_pb_cta][\/et_pb_column][\/et_pb_row][\/et_pb_section][et_pb_section fb_built=\"1\" admin_label=\"Footer RU\" _builder_version=\"4.27.4\" _module_preset=\"default\" background_color=\"#7f8dfe\" top_divider_style=\"curve\" top_divider_color=\"#FFFFFF\" top_divider_height=\"2.5vw\" global_module=\"145\" saved_tabs=\"all\" global_colors_info=\"{}\"][et_pb_row column_structure=\"1_3,1_3,1_3\" _builder_version=\"4.27.4\" _module_preset=\"default\" custom_padding=\"60px||||false|false\" global_colors_info=\"{}\"][et_pb_column type=\"1_3\" _builder_version=\"4.27.4\" _module_preset=\"default\" global_colors_info=\"{}\"][et_pb_text _builder_version=\"4.27.4\" _module_preset=\"default\" header_3_font=\"||||||||\" header_3_font_size=\"24px\" background_layout=\"dark\" global_colors_info=\"{}\"]<h3>Logopeedipunkt O\u00dc<\/h3>\r\n<p>\u041f\u0440\u043e\u0444\u0435\u0441\u0441\u0438\u043e\u043d\u0430\u043b\u044c\u043d\u0430\u044f \u043f\u043e\u043c\u043e\u0449\u044c \u0432\u0437\u0440\u043e\u0441\u043b\u044b\u043c \u0438 \u0434\u0435\u0442\u044f\u043c \u0441 \u043d\u0430\u0440\u0443\u0448\u0435\u043d\u0438\u044f\u043c\u0438 \u0440\u0435\u0447\u0438<\/p>\r\n<p>\u041d\u043e\u043c\u0435\u0440 \u043b\u0438\u0446\u0435\u043d\u0437\u0438\u0438: L07074<\/p>[\/et_pb_text][\/et_pb_column][et_pb_column type=\"1_3\" _builder_version=\"4.27.4\" _module_preset=\"default\" global_colors_info=\"{}\"][et_pb_text _builder_version=\"4.27.4\" _module_preset=\"default\" link_text_color=\"#FFFFFF\" header_3_font=\"||||||||\" header_3_font_size=\"24px\" background_layout=\"dark\" global_colors_info=\"{}\"]<h3>\u041f\u043e\u043b\u0435\u0437\u043d\u044b\u0435 \u0441\u0441\u044b\u043b\u043a\u0438<\/h3>\r\n<p><a href=\"https:\/\/logopeedipunkt.ee\/ru\/logopedicheskiye-uslugi\/\">\u041b\u043e\u0433\u043e\u043f\u0435\u0434\u0438\u0447\u0435\u0441\u043a\u0438\u0435 \u0443\u0441\u043b\u0443\u0433\u0438<\/a><br \/><a href=\"https:\/\/logopeedipunkt.ee\/ru\/testirovanie\/\">\u0422\u0435\u0441\u0442\u0438\u0440\u043e\u0432\u0430\u043d\u0438\u0435<\/a><br \/><a href=\"https:\/\/logopeedipunkt.ee\/ru\/po-napravleniyu\/\">\u041f\u043e \u043d\u0430\u043f\u0440\u0430\u0432\u043b\u0435\u043d\u0438\u044e<\/a><br \/><a href=\"https:\/\/logopeedipunkt.ee\/ru\/registraciya\/\">\u041e\u0442\u043f\u0440\u0430\u0432\u0438\u0442\u044c \u0437\u0430\u043f\u0440\u043e\u0441<\/a><\/p>[\/et_pb_text][\/et_pb_column][et_pb_column type=\"1_3\" _builder_version=\"4.27.4\" _module_preset=\"default\" global_colors_info=\"{}\"][et_pb_text _builder_version=\"4.27.4\" _module_preset=\"default\" header_3_font=\"||||||||\" header_3_font_size=\"24px\" background_layout=\"dark\" global_colors_info=\"{}\"]<h3>\u041a\u043e\u043d\u0442\u0430\u043a\u0442\u044b<\/h3>\r\n<p>info@logopeedipunkt.ee<br \/>+372 553 0762<br \/>P\u00e4rnu mnt. 67A, kab. 3A4<\/p>[\/et_pb_text][\/et_pb_column][\/et_pb_row][\/et_pb_section]","_et_gb_content_width":"","footnotes":""},"dipi_cpt_category":[],"class_list":["post-557","page","type-page","status-publish","hentry"],"_links":{"self":[{"href":"https:\/\/logopeedipunkt.ee\/et\/wp-json\/wp\/v2\/pages\/557","targetHints":{"allow":["GET"]}}],"collection":[{"href":"https:\/\/logopeedipunkt.ee\/et\/wp-json\/wp\/v2\/pages"}],"about":[{"href":"https:\/\/logopeedipunkt.ee\/et\/wp-json\/wp\/v2\/types\/page"}],"author":[{"embeddable":true,"href":"https:\/\/logopeedipunkt.ee\/et\/wp-json\/wp\/v2\/users\/2"}],"replies":[{"embeddable":true,"href":"https:\/\/logopeedipunkt.ee\/et\/wp-json\/wp\/v2\/comments?post=557"}],"version-history":[{"count":5,"href":"https:\/\/logopeedipunkt.ee\/et\/wp-json\/wp\/v2\/pages\/557\/revisions"}],"predecessor-version":[{"id":659,"href":"https:\/\/logopeedipunkt.ee\/et\/wp-json\/wp\/v2\/pages\/557\/revisions\/659"}],"wp:attachment":[{"href":"https:\/\/logopeedipunkt.ee\/et\/wp-json\/wp\/v2\/media?parent=557"}],"wp:term":[{"taxonomy":"dipi_cpt_category","embeddable":true,"href":"https:\/\/logopeedipunkt.ee\/et\/wp-json\/wp\/v2\/dipi_cpt_category?post=557"}],"curies":[{"name":"wp","href":"https:\/\/api.w.org\/{rel}","templated":true}]}}