{"id":487,"date":"2025-03-10T11:25:38","date_gmt":"2025-03-10T09:25:38","guid":{"rendered":"https:\/\/logopeedipunkt.ee\/?page_id=487"},"modified":"2025-05-29T12:41:15","modified_gmt":"2025-05-29T10:41:15","slug":"registreerimine","status":"publish","type":"page","link":"https:\/\/logopeedipunkt.ee\/et\/registreerimine\/","title":{"rendered":"Registreerimine"},"content":{"rendered":"<p>[et_pb_section fb_built=&#8221;1&#8243; _builder_version=&#8221;4.27.4&#8243; _module_preset=&#8221;default&#8221; global_colors_info=&#8221;{}&#8221;][et_pb_row column_structure=&#8221;3_5,2_5&#8243; _builder_version=&#8221;4.27.4&#8243; _module_preset=&#8221;default&#8221; global_colors_info=&#8221;{}&#8221;][et_pb_column type=&#8221;3_5&#8243; _builder_version=&#8221;4.27.4&#8243; _module_preset=&#8221;default&#8221; background_enable_color=&#8221;off&#8221; global_colors_info=&#8221;{}&#8221;][et_pb_text _builder_version=&#8221;4.27.4&#8243; _module_preset=&#8221;default&#8221; header_font_size=&#8221;40px&#8221; hover_enabled=&#8221;0&#8243; header_font_size_tablet=&#8221;36px&#8221; header_font_size_phone=&#8221;32px&#8221; header_font_size_last_edited=&#8221;on|desktop&#8221; global_colors_info=&#8221;{}&#8221; sticky_enabled=&#8221;0&#8243;]<\/p>\n<h1>Registreerimine<\/h1>\n<p>T\u00e4itke see vorm ja saate peagi vastuse<br \/>\n*Ainult emakeelena vene keele k\u00f5nelejatele[\/et_pb_text][et_pb_text _builder_version=&#8221;4.27.4&#8243; _module_preset=&#8221;default&#8221; background_color=&#8221;#f6f9fc&#8221; custom_padding=&#8221;20px|30px|20px|30px|true|true&#8221; custom_padding_tablet=&#8221;20px|30px|20px|30px|true|true&#8221; custom_padding_phone=&#8221;20px|20px|20px|20px|true|true&#8221; custom_padding_last_edited=&#8221;on|phone&#8221; global_colors_info=&#8221;{}&#8221;]\n<div class=\"wpcf7 no-js\" id=\"wpcf7-f519-o1\" lang=\"et\" dir=\"ltr\" data-wpcf7-id=\"519\">\n<div class=\"screen-reader-response\"><p role=\"status\" aria-live=\"polite\" aria-atomic=\"true\"><\/p> <ul><\/ul><\/div>\n<form action=\"\/et\/wp-json\/wp\/v2\/pages\/487#wpcf7-f519-o1\" method=\"post\" class=\"wpcf7-form init\" aria-label=\"Contact form\" novalidate=\"novalidate\" data-status=\"init\">\n<fieldset class=\"hidden-fields-container\"><input type=\"hidden\" name=\"_wpcf7\" value=\"519\" \/><input type=\"hidden\" name=\"_wpcf7_version\" value=\"6.1.5\" \/><input type=\"hidden\" name=\"_wpcf7_locale\" value=\"et\" \/><input type=\"hidden\" name=\"_wpcf7_unit_tag\" value=\"wpcf7-f519-o1\" \/><input type=\"hidden\" name=\"_wpcf7_container_post\" value=\"0\" \/><input type=\"hidden\" name=\"_wpcf7_posted_data_hash\" value=\"\" \/><input type=\"hidden\" name=\"_wpcf7_recaptcha_response\" value=\"\" \/>\n<\/fieldset>\n<p><label> Teie nimi*<br \/>\n<span class=\"wpcf7-form-control-wrap\" data-name=\"your-name\"><input size=\"40\" maxlength=\"400\" class=\"wpcf7-form-control wpcf7-text wpcf7-validates-as-required\" autocomplete=\"name\" aria-required=\"true\" aria-invalid=\"false\" value=\"\" type=\"text\" name=\"your-name\" \/><\/span> <\/label>\n<\/p>\n<p><label> Teie e-mail*<br \/>\n<span class=\"wpcf7-form-control-wrap\" data-name=\"your-email\"><input size=\"40\" maxlength=\"400\" class=\"wpcf7-form-control wpcf7-email wpcf7-validates-as-required wpcf7-text wpcf7-validates-as-email\" autocomplete=\"email\" aria-required=\"true\" aria-invalid=\"false\" value=\"\" type=\"email\" name=\"your-email\" \/><\/span> <\/label>\n<\/p>\n<p><label> Telefon*<br \/>\n<span class=\"wpcf7-form-control-wrap\" data-name=\"tel-164\"><input size=\"40\" maxlength=\"400\" class=\"wpcf7-form-control wpcf7-tel wpcf7-validates-as-required wpcf7-text wpcf7-validates-as-tel\" aria-required=\"true\" aria-invalid=\"false\" value=\"\" type=\"tel\" name=\"tel-164\" \/><\/span> <\/label>\n<\/p>\n<p><span class=\"wpcf7-form-control-wrap\" data-name=\"select-353\"><select class=\"wpcf7-form-control wpcf7-select\" aria-invalid=\"false\" name=\"select-353\"><option value=\"Konsultatsioon\">Konsultatsioon<\/option><option value=\"Seanss\">Seanss<\/option><option value=\"Logopeediline massaa\u017e\">Logopeediline massaa\u017e<\/option><option value=\"Konsultatsiooni p\u00f5hjal kirjaliku raporti koostamine\">Konsultatsiooni p\u00f5hjal kirjaliku raporti koostamine<\/option><\/select><\/span>\n<\/p>\n<p><label> Valige soobiv kuup\u00e4ev*<br \/>\n<span class=\"wpcf7-form-control-wrap\" data-name=\"date-333\"><input class=\"wpcf7-form-control wpcf7-date wpcf7-validates-as-date\" aria-invalid=\"false\" value=\"\" type=\"date\" name=\"date-333\" \/><\/span><\/label>\n<\/p>\n<p><label> Lisainfo<br \/>\n<span class=\"wpcf7-form-control-wrap\" data-name=\"your-message\"><textarea cols=\"40\" rows=\"3\" maxlength=\"2000\" class=\"wpcf7-form-control wpcf7-textarea\" aria-invalid=\"false\" name=\"your-message\"><\/textarea><\/span> <\/label>\n<\/p>\n<p><input class=\"wpcf7-form-control wpcf7-submit has-spinner\" type=\"submit\" value=\"Saada\" \/>\n<\/p><p style=\"display: none !important;\" class=\"akismet-fields-container\" data-prefix=\"_wpcf7_ak_\"><label>&#916;<textarea name=\"_wpcf7_ak_hp_textarea\" cols=\"45\" rows=\"8\" maxlength=\"100\"><\/textarea><\/label><input type=\"hidden\" id=\"ak_js_1\" name=\"_wpcf7_ak_js\" value=\"6\"\/><script>document.getElementById( \"ak_js_1\" ).setAttribute( \"value\", ( new Date() ).getTime() );<\/script><\/p><div class=\"wpcf7-response-output\" aria-hidden=\"true\"><\/div>\n<\/form>\n<\/div>\n[\/et_pb_text][\/et_pb_column][et_pb_column type=&#8221;2_5&#8243; _builder_version=&#8221;4.27.4&#8243; _module_preset=&#8221;default&#8221; global_colors_info=&#8221;{}&#8221;][et_pb_image src=&#8221;https:\/\/logopeedipunkt.ee\/wp-content\/uploads\/2025\/03\/337A9785.jpg&#8221; title_text=&#8221;337A9785&#8243; _builder_version=&#8221;4.27.4&#8243; _module_preset=&#8221;default&#8221; width=&#8221;60%&#8221; width_tablet=&#8221;55%&#8221; width_phone=&#8221;70%&#8221; width_last_edited=&#8221;on|phone&#8221; module_alignment=&#8221;center&#8221; border_radii=&#8221;on|300px|300px|300px|300px&#8221; global_colors_info=&#8221;{}&#8221;][\/et_pb_image][et_pb_text _builder_version=&#8221;4.27.4&#8243; _module_preset=&#8221;default&#8221; text_orientation=&#8221;center&#8221; custom_margin=&#8221;||50px||false|false&#8221; global_colors_info=&#8221;{}&#8221;]<strong>Svetlana Inozemtseva<\/strong><br \/>\nLogopeed, tase 7[\/et_pb_text][et_pb_blurb title=&#8221;Aadress&#8221; use_icon=&#8221;on&#8221; font_icon=&#8221;&#xe01d;||divi||400&#8243; icon_color=&#8221;#7f8dfd&#8221; icon_placement=&#8221;left&#8221; content_max_width=&#8221;100%&#8221; _builder_version=&#8221;4.27.4&#8243; _module_preset=&#8221;default&#8221; animation=&#8221;off&#8221; global_colors_info=&#8221;{}&#8221;]<\/p>\n<p>Harjumaa, Tallinn,<br \/>P\u00e4rnu mnt. 67a, 10134<br \/>kab. 3A4, 3 korrus<\/p>\n<p>[\/et_pb_blurb][et_pb_blurb title=&#8221;Kontaktid&#8221; use_icon=&#8221;on&#8221; font_icon=&#8221;&#xe010;||divi||400&#8243; icon_color=&#8221;#7f8dfd&#8221; icon_placement=&#8221;left&#8221; content_max_width=&#8221;100%&#8221; _builder_version=&#8221;4.27.4&#8243; _module_preset=&#8221;default&#8221; animation=&#8221;off&#8221; global_colors_info=&#8221;{}&#8221;]<\/p>\n<p>+372 553 0762<br \/>info@logopeedipunkt.ee<\/p>\n<p>[\/et_pb_blurb][\/et_pb_column][\/et_pb_row][\/et_pb_section][et_pb_section fb_built=&#8221;1&#8243; admin_label=&#8221;Footer EE&#8221; _builder_version=&#8221;4.27.4&#8243; _module_preset=&#8221;default&#8221; background_color=&#8221;#7f8dfe&#8221; top_divider_style=&#8221;curve&#8221; top_divider_color=&#8221;#FFFFFF&#8221; top_divider_height=&#8221;2.5vw&#8221; global_module=&#8221;569&#8243; saved_tabs=&#8221;all&#8221; global_colors_info=&#8221;{}&#8221;][et_pb_row column_structure=&#8221;1_3,1_3,1_3&#8243; _builder_version=&#8221;4.27.4&#8243; _module_preset=&#8221;default&#8221; custom_padding=&#8221;60px||||false|false&#8221; global_colors_info=&#8221;{}&#8221;][et_pb_column type=&#8221;1_3&#8243; _builder_version=&#8221;4.27.4&#8243; _module_preset=&#8221;default&#8221; global_colors_info=&#8221;{}&#8221;][et_pb_text _builder_version=&#8221;4.27.4&#8243; _module_preset=&#8221;default&#8221; header_3_font=&#8221;||||||||&#8221; header_3_font_size=&#8221;24px&#8221; background_layout=&#8221;dark&#8221; global_colors_info=&#8221;{}&#8221;]<\/p>\n<h3>Logopeedipunkt O\u00dc<\/h3>\n<p>Professionaalne abi t\u00e4iskasvanutele ja lastele k\u00f5neh\u00e4irete korral<\/p>\n<p>Litsentsi number: L07074[\/et_pb_text][\/et_pb_column][et_pb_column type=&#8221;1_3&#8243; _builder_version=&#8221;4.27.4&#8243; _module_preset=&#8221;default&#8221; global_colors_info=&#8221;{}&#8221;][et_pb_text _builder_version=&#8221;4.27.4&#8243; _module_preset=&#8221;default&#8221; link_text_color=&#8221;#FFFFFF&#8221; header_3_font=&#8221;||||||||&#8221; header_3_font_size=&#8221;24px&#8221; background_layout=&#8221;dark&#8221; global_colors_info=&#8221;{}&#8221;]<\/p>\n<h3>Kasulikud lingid<\/h3>\n<p><a href=\"https:\/\/logopeedipunkt.ee\/koneravi-teenused\/\">K\u00f5neravi teenused<\/a><br \/><a href=\"https:\/\/logopeedipunkt.ee\/testimine\/\">Testimine<\/a><br \/><a href=\"https:\/\/logopeedipunkt.ee\/saatekirjaga\/\">Saatekirjaga<\/a><br \/><a href=\"https:\/\/logopeedipunkt.ee\/registreerimine\/\">Saatke p\u00e4ring<\/a><\/p>\n<p>[\/et_pb_text][\/et_pb_column][et_pb_column type=&#8221;1_3&#8243; _builder_version=&#8221;4.27.4&#8243; _module_preset=&#8221;default&#8221; global_colors_info=&#8221;{}&#8221;][et_pb_text _builder_version=&#8221;4.27.4&#8243; _module_preset=&#8221;default&#8221; header_3_font=&#8221;||||||||&#8221; header_3_font_size=&#8221;24px&#8221; background_layout=&#8221;dark&#8221; global_colors_info=&#8221;{}&#8221;]<\/p>\n<h3>Kontaktid<\/h3>\n<p>info@logopeedipunkt.ee<br \/>+372 553 0762<br \/>P\u00e4rnu mnt. 67A, kab. 3A4<\/p>\n<p>[\/et_pb_text][\/et_pb_column][\/et_pb_row][\/et_pb_section]<\/p>\n","protected":false},"excerpt":{"rendered":"<p>Registreerimine T\u00e4itke see vorm ja saate peagi vastuse *Ainult emakeelena vene keele k\u00f5nelejatele\n<div class=\"wpcf7 no-js\" id=\"wpcf7-f519-o2\" lang=\"et\" dir=\"ltr\" data-wpcf7-id=\"519\">\n<div class=\"screen-reader-response\"><p role=\"status\" aria-live=\"polite\" aria-atomic=\"true\"><\/p> <ul><\/ul><\/div>\n<form action=\"\/et\/wp-json\/wp\/v2\/pages\/487#wpcf7-f519-o2\" method=\"post\" class=\"wpcf7-form init\" aria-label=\"Contact form\" novalidate=\"novalidate\" data-status=\"init\">\n<fieldset class=\"hidden-fields-container\"><input type=\"hidden\" name=\"_wpcf7\" value=\"519\" \/><input type=\"hidden\" name=\"_wpcf7_version\" value=\"6.1.5\" \/><input type=\"hidden\" name=\"_wpcf7_locale\" value=\"et\" \/><input type=\"hidden\" name=\"_wpcf7_unit_tag\" value=\"wpcf7-f519-o2\" \/><input type=\"hidden\" name=\"_wpcf7_container_post\" value=\"0\" \/><input type=\"hidden\" name=\"_wpcf7_posted_data_hash\" value=\"\" \/><input type=\"hidden\" name=\"_wpcf7_recaptcha_response\" value=\"\" \/>\n<\/fieldset>\n<p><label> Teie nimi*<br \/>\n<span class=\"wpcf7-form-control-wrap\" data-name=\"your-name\"><input size=\"40\" maxlength=\"400\" class=\"wpcf7-form-control wpcf7-text wpcf7-validates-as-required\" autocomplete=\"name\" aria-required=\"true\" aria-invalid=\"false\" value=\"\" type=\"text\" name=\"your-name\" \/><\/span> <\/label>\n<\/p>\n<p><label> Teie e-mail*<br \/>\n<span class=\"wpcf7-form-control-wrap\" data-name=\"your-email\"><input size=\"40\" maxlength=\"400\" class=\"wpcf7-form-control wpcf7-email wpcf7-validates-as-required wpcf7-text wpcf7-validates-as-email\" autocomplete=\"email\" aria-required=\"true\" aria-invalid=\"false\" value=\"\" type=\"email\" name=\"your-email\" \/><\/span> <\/label>\n<\/p>\n<p><label> Telefon*<br \/>\n<span class=\"wpcf7-form-control-wrap\" data-name=\"tel-164\"><input size=\"40\" maxlength=\"400\" class=\"wpcf7-form-control wpcf7-tel wpcf7-validates-as-required wpcf7-text wpcf7-validates-as-tel\" aria-required=\"true\" aria-invalid=\"false\" value=\"\" type=\"tel\" name=\"tel-164\" \/><\/span> <\/label>\n<\/p>\n<p><span class=\"wpcf7-form-control-wrap\" data-name=\"select-353\"><select class=\"wpcf7-form-control wpcf7-select\" aria-invalid=\"false\" name=\"select-353\"><option value=\"Konsultatsioon\">Konsultatsioon<\/option><option value=\"Seanss\">Seanss<\/option><option value=\"Logopeediline massaa\u017e\">Logopeediline massaa\u017e<\/option><option value=\"Konsultatsiooni p\u00f5hjal kirjaliku raporti koostamine\">Konsultatsiooni p\u00f5hjal kirjaliku raporti koostamine<\/option><\/select><\/span>\n<\/p>\n<p><label> Valige soobiv kuup\u00e4ev*<br \/>\n<span class=\"wpcf7-form-control-wrap\" data-name=\"date-333\"><input class=\"wpcf7-form-control wpcf7-date wpcf7-validates-as-date\" aria-invalid=\"false\" value=\"\" type=\"date\" name=\"date-333\" \/><\/span><\/label>\n<\/p>\n<p><label> Lisainfo<br \/>\n<span class=\"wpcf7-form-control-wrap\" data-name=\"your-message\"><textarea cols=\"40\" rows=\"3\" maxlength=\"2000\" class=\"wpcf7-form-control wpcf7-textarea\" aria-invalid=\"false\" name=\"your-message\"><\/textarea><\/span> <\/label>\n<\/p>\n<p><input class=\"wpcf7-form-control wpcf7-submit has-spinner\" type=\"submit\" value=\"Saada\" \/>\n<\/p><p style=\"display: none !important;\" class=\"akismet-fields-container\" data-prefix=\"_wpcf7_ak_\"><label>&#916;<textarea name=\"_wpcf7_ak_hp_textarea\" cols=\"45\" rows=\"8\" maxlength=\"100\"><\/textarea><\/label><input type=\"hidden\" id=\"ak_js_2\" name=\"_wpcf7_ak_js\" value=\"181\"\/><script>document.getElementById( \"ak_js_2\" ).setAttribute( \"value\", ( new Date() ).getTime() );<\/script><\/p><div class=\"wpcf7-response-output\" aria-hidden=\"true\"><\/div>\n<\/form>\n<\/div>\nSvetlana Inozemtseva Logopeed, tase 7Harjumaa, Tallinn,P\u00e4rnu mnt. 67a, 10134kab. 3A4, 3 korrus+372 553 0762info@logopeedipunkt.eeLogopeedipunkt O\u00dc Professionaalne abi t\u00e4iskasvanutele ja lastele k\u00f5neh\u00e4irete korral Litsentsi number: L07074Kasulikud lingid K\u00f5neravi teenusedTestimineSaatekirjagaSaatke p\u00e4ringKontaktid info@logopeedipunkt.ee+372 553 0762P\u00e4rnu mnt. 67A, kab. 3A4<\/p>\n","protected":false},"author":2,"featured_media":0,"parent":0,"menu_order":0,"comment_status":"closed","ping_status":"closed","template":"","meta":{"_et_pb_use_builder":"on","_et_pb_old_content":"[et_pb_section fb_built=\"1\" _builder_version=\"4.27.4\" _module_preset=\"default\" global_colors_info=\"{}\"][et_pb_row column_structure=\"3_5,2_5\" _builder_version=\"4.27.4\" _module_preset=\"default\" global_colors_info=\"{}\"][et_pb_column type=\"3_5\" _builder_version=\"4.27.4\" _module_preset=\"default\" background_enable_color=\"off\" global_colors_info=\"{}\"][et_pb_text _builder_version=\"4.27.4\" _module_preset=\"default\" header_font_size=\"40px\" hover_enabled=\"0\" global_colors_info=\"{}\" header_font_size_last_edited=\"on|desktop\" sticky_enabled=\"0\" header_font_size_tablet=\"36px\" header_font_size_phone=\"32px\"]<h1>\u0420\u0435\u0433\u0438\u0441\u0442\u0440\u0430\u0446\u0438\u044f<\/h1>\r\n<p>\u0417\u0430\u043f\u043e\u043b\u043d\u0438\u0442\u0435 \u044d\u0442\u0443 \u0444\u043e\u0440\u043c\u0443 \u0438 \u043f\u043e\u043b\u0443\u0447\u0438\u0442\u0435 \u043e\u0442\u0432\u0435\u0442 \u0432 \u0431\u043b\u0438\u0436\u0430\u0439\u0448\u0435\u0435 \u0432\u0440\u0435\u043c\u044f<\/p>[\/et_pb_text][et_pb_text _builder_version=\"4.27.4\" _module_preset=\"default\" background_color=\"#f6f9fc\" custom_padding=\"20px|30px|20px|30px|true|true\" hover_enabled=\"0\" global_colors_info=\"{}\" custom_padding_last_edited=\"on|phone\" custom_padding_phone=\"20px|20px|20px|20px|true|true\" sticky_enabled=\"0\" custom_padding_tablet=\"20px|30px|20px|30px|true|true\"]<p>[contact-form-7 id=\"fbac1a5\" title=\"Registreerimine_RU\"]<\/p>[\/et_pb_text][\/et_pb_column][et_pb_column type=\"2_5\" _builder_version=\"4.27.4\" _module_preset=\"default\" global_colors_info=\"{}\"][et_pb_image src=\"https:\/\/logopeedipunkt.ee\/wp-content\/uploads\/2025\/03\/337A9785.jpg\" title_text=\"337A9785\" _builder_version=\"4.27.4\" _module_preset=\"default\" width=\"60%\" module_alignment=\"center\" hover_enabled=\"0\" border_radii=\"on|300px|300px|300px|300px\" global_colors_info=\"{}\" width_last_edited=\"on|phone\" width_tablet=\"55%\" sticky_enabled=\"0\" width_phone=\"70%\"][\/et_pb_image][et_pb_text _builder_version=\"4.27.4\" _module_preset=\"default\" text_orientation=\"center\" custom_margin=\"||50px||false|false\" global_colors_info=\"{}\"]<p><strong>\u0421\u0432\u0435\u0442\u043b\u0430\u043d\u0430 \u0418\u043d\u043e\u0437\u0435\u043c\u0446\u0435\u0432\u0430<\/strong><br \/>Logopeed, tase 7<\/p>[\/et_pb_text][et_pb_blurb title=\"\u0410\u0434\u0440\u0435\u0441\" use_icon=\"on\" font_icon=\"\ue01d||divi||400\" icon_color=\"#7f8dfd\" icon_placement=\"left\" _builder_version=\"4.27.4\" _module_preset=\"default\" animation=\"off\" hover_enabled=\"0\" global_colors_info=\"{}\" content_max_width=\"100%\" sticky_enabled=\"0\"]<p>Harjumaa, Tallinn,<br \/>P\u00e4rnu mnt. 67a, 10134<br \/>kab. 3A4, 3 korrus<\/p>[\/et_pb_blurb][et_pb_blurb title=\"\u041a\u043e\u043d\u0442\u0430\u043a\u0442\u044b\" use_icon=\"on\" font_icon=\"\ue010||divi||400\" icon_color=\"#7f8dfd\" icon_placement=\"left\" _builder_version=\"4.27.4\" _module_preset=\"default\" animation=\"off\" hover_enabled=\"0\" global_colors_info=\"{}\" content_max_width=\"100%\" sticky_enabled=\"0\"]<p>+372 553 0762<br \/>info@logopeedipunkt.ee<\/p>[\/et_pb_blurb][\/et_pb_column][\/et_pb_row][\/et_pb_section][et_pb_section fb_built=\"1\" admin_label=\"Footer RU\" _builder_version=\"4.27.4\" _module_preset=\"default\" background_color=\"#7f8dfe\" top_divider_style=\"curve\" top_divider_color=\"#FFFFFF\" top_divider_height=\"2.5vw\" global_module=\"145\" saved_tabs=\"all\" global_colors_info=\"{}\"][et_pb_row column_structure=\"1_3,1_3,1_3\" _builder_version=\"4.27.4\" _module_preset=\"default\" custom_padding=\"60px||||false|false\" global_colors_info=\"{}\"][et_pb_column type=\"1_3\" _builder_version=\"4.27.4\" _module_preset=\"default\" global_colors_info=\"{}\"][et_pb_text _builder_version=\"4.27.4\" _module_preset=\"default\" header_3_font=\"||||||||\" header_3_font_size=\"24px\" background_layout=\"dark\" global_colors_info=\"{}\"]<h3>Logopeedipunkt O\u00dc<\/h3>\r\n<p>\u041f\u0440\u043e\u0444\u0435\u0441\u0441\u0438\u043e\u043d\u0430\u043b\u044c\u043d\u0430\u044f \u043f\u043e\u043c\u043e\u0449\u044c \u0432\u0437\u0440\u043e\u0441\u043b\u044b\u043c \u0438 \u0434\u0435\u0442\u044f\u043c \u0441 \u043d\u0430\u0440\u0443\u0448\u0435\u043d\u0438\u044f\u043c\u0438 \u0440\u0435\u0447\u0438<\/p>\r\n<p>\u041d\u043e\u043c\u0435\u0440 \u043b\u0438\u0446\u0435\u043d\u0437\u0438\u0438: L07074<\/p>[\/et_pb_text][\/et_pb_column][et_pb_column type=\"1_3\" _builder_version=\"4.27.4\" _module_preset=\"default\" global_colors_info=\"{}\"][et_pb_text _builder_version=\"4.27.4\" _module_preset=\"default\" link_text_color=\"#FFFFFF\" header_3_font=\"||||||||\" header_3_font_size=\"24px\" background_layout=\"dark\" global_colors_info=\"{}\"]<h3>\u041f\u043e\u043b\u0435\u0437\u043d\u044b\u0435 \u0441\u0441\u044b\u043b\u043a\u0438<\/h3>\r\n<p><a href=\"https:\/\/logopeedipunkt.ee\/logopedicheskiye-uslugi\/\">\u041b\u043e\u0433\u043e\u043f\u0435\u0434\u0438\u0447\u0435\u0441\u043a\u0438\u0435 \u0443\u0441\u043b\u0443\u0433\u0438<\/a><br \/><a href=\"https:\/\/logopeedipunkt.ee\/testirovanie\/\">\u0422\u0435\u0441\u0442\u0438\u0440\u043e\u0432\u0430\u043d\u0438\u0435<\/a><br \/><a href=\"https:\/\/logopeedipunkt.ee\/po-napravleniyu\/\">\u041f\u043e \u043d\u0430\u043f\u0440\u0430\u0432\u043b\u0435\u043d\u0438\u044e<\/a><br \/><a href=\"https:\/\/logopeedipunkt.ee\/registraciya\/\">\u041e\u0442\u043f\u0440\u0430\u0432\u0438\u0442\u044c \u0437\u0430\u043f\u0440\u043e\u0441<\/a><\/p>[\/et_pb_text][\/et_pb_column][et_pb_column type=\"1_3\" _builder_version=\"4.27.4\" _module_preset=\"default\" global_colors_info=\"{}\"][et_pb_text _builder_version=\"4.27.4\" _module_preset=\"default\" header_3_font=\"||||||||\" header_3_font_size=\"24px\" background_layout=\"dark\" global_colors_info=\"{}\"]<h3>\u041a\u043e\u043d\u0442\u0430\u043a\u0442\u044b<\/h3>\r\n<p>info@logopeedipunkt.ee<br \/>+372 553 0762<br \/>P\u00e4rnu mnt. 67A, kab. 3A4<\/p>[\/et_pb_text][\/et_pb_column][\/et_pb_row][\/et_pb_section]","_et_gb_content_width":"","footnotes":""},"dipi_cpt_category":[],"class_list":["post-487","page","type-page","status-publish","hentry"],"_links":{"self":[{"href":"https:\/\/logopeedipunkt.ee\/et\/wp-json\/wp\/v2\/pages\/487","targetHints":{"allow":["GET"]}}],"collection":[{"href":"https:\/\/logopeedipunkt.ee\/et\/wp-json\/wp\/v2\/pages"}],"about":[{"href":"https:\/\/logopeedipunkt.ee\/et\/wp-json\/wp\/v2\/types\/page"}],"author":[{"embeddable":true,"href":"https:\/\/logopeedipunkt.ee\/et\/wp-json\/wp\/v2\/users\/2"}],"replies":[{"embeddable":true,"href":"https:\/\/logopeedipunkt.ee\/et\/wp-json\/wp\/v2\/comments?post=487"}],"version-history":[{"count":5,"href":"https:\/\/logopeedipunkt.ee\/et\/wp-json\/wp\/v2\/pages\/487\/revisions"}],"predecessor-version":[{"id":708,"href":"https:\/\/logopeedipunkt.ee\/et\/wp-json\/wp\/v2\/pages\/487\/revisions\/708"}],"wp:attachment":[{"href":"https:\/\/logopeedipunkt.ee\/et\/wp-json\/wp\/v2\/media?parent=487"}],"wp:term":[{"taxonomy":"dipi_cpt_category","embeddable":true,"href":"https:\/\/logopeedipunkt.ee\/et\/wp-json\/wp\/v2\/dipi_cpt_category?post=487"}],"curies":[{"name":"wp","href":"https:\/\/api.w.org\/{rel}","templated":true}]}}